{"id":53554,"date":"2025-09-13T18:02:51","date_gmt":"2025-09-13T16:02:51","guid":{"rendered":"https:\/\/www.pummeldex.de\/?page_id=53554"},"modified":"2025-09-13T22:04:56","modified_gmt":"2025-09-13T20:04:56","slug":"startseite-2","status":"publish","type":"page","link":"https:\/\/www.pummeldex.de\/","title":{"rendered":"Startseite"},"content":{"rendered":"<div   class='avia-fullscreen-slider main_color   avia-builder-el-0  el_before_av_one_third  avia-builder-el-first  container_wrap sidebar_right'  >\n<style type=\"text\/css\" data-created_by=\"avia_inline_auto\" id=\"style-css-av-mfikrlgz-87d4a0bfb77c393006240f55221c0fe5\">\n#top #wrap_all .avia-slideshow .av-slideshow-caption.av-mfikrlgz-87d4a0bfb77c393006240f55221c0fe5__0 .avia-caption-title{\nfont-size:36px;\n}\n#top .avia-slideshow .av-slideshow-caption.av-mfikrlgz-87d4a0bfb77c393006240f55221c0fe5__0 .avia-caption-content{\nfont-size:24px;\n}\n#top .avia-slideshow .av-slideshow-caption.av-mfikrlgz-87d4a0bfb77c393006240f55221c0fe5__0 .avia-caption-content p{\nfont-size:24px;\n}\n<\/style>\n<a href='#next-section' title='' class='scroll-down-link av-control-default avia-svg-icon avia-font-svg_entypo-fontello' data-av_svg_icon='down-open-mini' data-av_iconset='svg_entypo-fontello'><svg version=\"1.1\" xmlns=\"http:\/\/www.w3.org\/2000\/svg\" width=\"15\" height=\"32\" viewBox=\"0 0 15 32\" preserveAspectRatio=\"xMidYMid meet\" aria-labelledby='av-svg-title-1' aria-describedby='av-svg-desc-1' role=\"graphics-symbol\" aria-hidden=\"true\">\n<title id='av-svg-title-1'>Scroll to next section<\/title>\n<desc id='av-svg-desc-1'>Scroll to next section<\/desc>\n<path d=\"M12.96 12.16q0.704-0.832 1.536 0 0.832 0.704 0 1.536l-6.272 6.144q-0.704 0.704-1.536 0l-6.272-6.144q-0.832-0.832 0-1.536 0.768-0.768 1.6 0l5.44 4.992z\"><\/path>\n<\/svg><\/a><div  class='avia-slideshow av-mfikrlgz-87d4a0bfb77c393006240f55221c0fe5 avia-slideshow-1536x1536 av_fullscreen avia-slide-slider av-slideshow-ui av-control-default av-slideshow-manual av-loop-once av-loop-manual-endless av-slider-scroll-down-active av-default-height-applied   avia-slideshow-1' data-slideshow-options=\"{&quot;animation&quot;:&quot;slide&quot;,&quot;autoplay&quot;:false,&quot;loop_autoplay&quot;:&quot;once&quot;,&quot;interval&quot;:5,&quot;loop_manual&quot;:&quot;manual-endless&quot;,&quot;autoplay_stopper&quot;:false,&quot;noNavigation&quot;:false,&quot;bg_slider&quot;:true,&quot;keep_padding&quot;:false,&quot;hoverpause&quot;:false,&quot;show_slide_delay&quot;:0,&quot;slide_height&quot;:&quot;100&quot;,&quot;image_attachment&quot;:&quot;&quot;}\"  itemprop=\"image\" itemscope=\"itemscope\" itemtype=\"https:\/\/schema.org\/ImageObject\" ><ul class='avia-slideshow-inner ' style='padding-bottom: 56.25%;'><li style='background-position:bottom right;' data-img-url='https:\/\/www.pummeldex.de\/wp-content\/uploads\/2025\/09\/slider-startseite01-1536x864.jpg' class='avia-slideshow-slide av-mfikrlgz-87d4a0bfb77c393006240f55221c0fe5__0  av-single-slide slide-1 slide-odd'><div data-rel='slideshow-1' class='avia-slide-wrap '   ><div class='av-slideshow-caption av-mfikrlgz-87d4a0bfb77c393006240f55221c0fe5__0 caption_fullwidth caption_bottom'><div class=\"container caption_container\"><div class=\"slideshow_caption\"><div class=\"slideshow_inner_caption\"><div class=\"slideshow_align_caption\"><h2 class='avia-caption-title '  itemprop=\"name\" >Herzlich willkommen<\/h2><div class='avia-caption-content '  itemprop=\"description\" ><p>auf PummelDex.de<\/p>\n<\/div><\/div><\/div><\/div><\/div><\/div><\/div><\/li><\/ul><\/div><\/div><div id='after_full_slider_1'  class='main_color av_default_container_wrap container_wrap sidebar_right'  ><div class='container av-section-cont-open' ><div class='template-page content  av-content-small alpha units'><div class='post-entry post-entry-type-page post-entry-53554'><div class='entry-content-wrapper clearfix'>\n<div  class='flex_column av-pklkvm-739d4affcd16d880df913b0f39f065f4 av_one_third  avia-builder-el-1  el_after_av_fullscreen  el_before_av_two_third  avia-builder-el-first  first flex_column_div  '     ><style type=\"text\/css\" data-created_by=\"avia_inline_auto\" id=\"style-css-av-mfil20i4-7e39af5863a649863c17956c4562a040\">\n.avia-image-container.av-mfil20i4-7e39af5863a649863c17956c4562a040 img.avia_image{\nbox-shadow:none;\n}\n.avia-image-container.av-mfil20i4-7e39af5863a649863c17956c4562a040 .av-image-caption-overlay-center{\ncolor:#ffffff;\n}\n<\/style>\n<div  class='avia-image-container av-mfil20i4-7e39af5863a649863c17956c4562a040 av-styling- av-hover-grow avia_animated_image av-animated-when-visible-95 fade-in-left avia-align-center  avia-builder-el-2  avia-builder-el-no-sibling '   itemprop=\"image\" itemscope=\"itemscope\" itemtype=\"https:\/\/schema.org\/ImageObject\" ><div class=\"avia-image-container-inner\"><div class=\"avia-image-overlay-wrap\"><img decoding=\"async\" fetchpriority=\"high\" class='wp-image-53583 avia-img-lazy-loading-not-53583 avia_image ' src=\"https:\/\/www.pummeldex.de\/wp-content\/uploads\/2025\/09\/Pooky03.png\" alt='' title='Pooky03'  height=\"946\" width=\"1080\"  itemprop=\"thumbnailUrl\" srcset=\"https:\/\/www.pummeldex.de\/wp-content\/uploads\/2025\/09\/Pooky03.png 1080w, https:\/\/www.pummeldex.de\/wp-content\/uploads\/2025\/09\/Pooky03-300x263.png 300w, https:\/\/www.pummeldex.de\/wp-content\/uploads\/2025\/09\/Pooky03-1030x902.png 1030w, https:\/\/www.pummeldex.de\/wp-content\/uploads\/2025\/09\/Pooky03-768x673.png 768w, https:\/\/www.pummeldex.de\/wp-content\/uploads\/2025\/09\/Pooky03-705x618.png 705w\" sizes=\"(max-width: 1080px) 100vw, 1080px\" \/><\/div><\/div><\/div><\/div><div  class='flex_column av-av_two_third-538dd737667e19053994a94b9156413b av_two_third  avia-builder-el-3  el_after_av_one_third  el_before_av_section  avia-builder-el-last  flex_column_div  '     ><section  class='av_textblock_section av-mfigfpsj-84e595fd7c3c99b47d41afbfdc915d59 '   itemscope=\"itemscope\" itemtype=\"https:\/\/schema.org\/CreativeWork\" ><div class='avia_textblock'  itemprop=\"text\" ><h2>Herzlich willkommen auf PummelDex.de<\/h2>\n<p>Von <strong>2000 bis 2020<\/strong> war PummelDex.de eines der gr\u00f6\u00dften <strong>Anime- und Manga Online Magazine<\/strong> in Deutschland.<\/p>\n<p><strong>20 Jahre<\/strong> sind eine lange Zeit in der auch viele neue <strong>Anime Webseiten<\/strong> hinzu gekommen, aber auch genau so schnell wieder von der Bildfl\u00e4che verschwunden sind. PummelDex war hier lange Zeit eine Konstante und hat sich \u00fcber die Jahre immer weiter entwickelt.<\/p>\n<p>Doch nach 20 Jahren waren viele der damaligen Redakteure nunmal auch \u00e4lter geworden. Manche hatten das Interesse an Anime- und Mangaserien verloren, andere legten ihre Priorit\u00e4ten auf andere Dinge, wie Ausbildung, Studium oder Job. Manche hatten sogar bereits eine Familie gegr\u00fcndet und verst\u00e4ndlicherweise beansprucht diese die komplette Aufmerksamkeit. Zudem war und ist PummelDex immer ein ehrenamtliches und unentgeltliches Projekt gewesen, sprich alle Beteiligten haben ihre Freizeit geopfert ohne daf\u00fcr etwas zu bekommen (abgesehen von Lob und Anerkennung).<\/p>\n<p>Auf jeden Fall hatten die meisten Redakteure schlichtweg keine Zeit oder Lust mehr f\u00fcr solch ein zeitintensives Projekt und wir haben uns gemeinsam dazu entschlossen zum <strong>20 j\u00e4hrigen Jubil\u00e4um<\/strong> von PummelDex die Arbeit an der Seite offiziell zu beenden.<\/p>\n<p>Seit 28. Februar 2020 kamen also keine weiteren Newsmeldungen, Manga-Rezensionen oder Serien-Reviews hinzu. \u00dcber 5 Jahre war die Seite nun quasi in diesem <strong>Gedenkzustand<\/strong>. Doch die Erde dreht sich weiter und die Technik entwickelt sich ebenfalls. Daher wurde die Seite nun \u00fcberarbeitet und auf den neusten Stand der Technik gebracht, damit PummelDex auch im Jahr 2025 weiter bestehen kann.<\/p>\n<\/div><\/section><\/div><\/div><\/div><\/div><!-- close content main div --><\/div><\/div>\n<style type=\"text\/css\" data-created_by=\"avia_inline_auto\" id=\"style-css-av-mfimkpsr-df051a5c98215eb925a3010d48188d50\">\n.avia-section.av-mfimkpsr-df051a5c98215eb925a3010d48188d50{\nbackground-color:#fcd9c2;\nbackground-image:unset;\n}\n<\/style>\n<div id='av_section_1'  class='avia-section av-mfimkpsr-df051a5c98215eb925a3010d48188d50 main_color avia-section-default avia-no-border-styling  avia-builder-el-5  el_after_av_two_third  el_before_av_one_third  avia-bg-style-scroll container_wrap sidebar_right'  ><div class='container av-section-cont-open' ><div class='template-page content  av-content-small alpha units'><div class='post-entry post-entry-type-page post-entry-53554'><div class='entry-content-wrapper clearfix'>\n<div  class='flex_column av-av_two_third-a2cef933b0a555f25d1e39b22a8e9dae av_two_third  avia-builder-el-6  el_before_av_one_third  avia-builder-el-first  first flex_column_div  '     ><section  class='av_textblock_section av-mfimity4-95a5eb3effa89d32165c0a3469b4a605 '   itemscope=\"itemscope\" itemtype=\"https:\/\/schema.org\/CreativeWork\" ><div class='avia_textblock'  itemprop=\"text\" ><h2>25 Jahre PummelDex<\/h2>\n<p>Im Jahr 2025 feiert PummelDex sein <strong>25 j\u00e4hriges Jubil\u00e4um<\/strong>, also wurde es Zeit f\u00fcr etwas Neues. Denn als die Seite damals im Jahr 2000 das Licht der Welt erblickte, war die Welt noch eine andere und der <strong>Stand der Technik<\/strong> ebenfalls. Ins Internet musste man sich mit einem 56k Modem verbinden, das merkw\u00fcrdige Ger\u00e4usche machte beim Einw\u00e4hlen und bevor die ersten Internet Flatrates angeboten wurden, tickte nebenbei unerm\u00fcdlich die Uhr und man bezahlte pro Minute, weshalb man nur gezielt und m\u00f6glichst schnell das im Internet nachgeschaut hatte, was man wissen wollte und dann hat man sich schnell wieder ausgeloggt &#8211; auch weil solange man online war die Eltern nicht gleichzeitig mit dem Festnetz-Telefon telefonieren konnten und entsprechend Druck gemacht haben.<\/p>\n<p>Daher war es uns immer wichtig, alle Infos die man als Anime- und Mangafan gesucht hat, m\u00f6glichst kompakt an einer Stelle bei uns auf der Seite zu finden. Damals als Streaming noch kein Thema gewesen ist, war man auf <strong>das lineare TV-Programm<\/strong> der einzelnen Sender abh\u00e4ngig. Also war es wichtig immer genau zu wissen, welche <strong>Serien<\/strong> auf welchem <strong>Sender<\/strong> an welchen Tagen zu welcher Uhrzeit ausgestrahlt wurden. Auch dies fand man stets bei PummelDex und war somit auf dem Laufenden.<\/p>\n<\/div><\/section><\/div><div  class='flex_column av-av_one_third-538dd737667e19053994a94b9156413b av_one_third  avia-builder-el-8  el_after_av_two_third  avia-builder-el-last  flex_column_div  '     ><style type=\"text\/css\" data-created_by=\"avia_inline_auto\" id=\"style-css-av-mfilz2kj-8fc78fff9fbbbed88deb1969d4189c65\">\n.avia-image-container.av-mfilz2kj-8fc78fff9fbbbed88deb1969d4189c65 img.avia_image{\nbox-shadow:none;\n}\n.avia-image-container.av-mfilz2kj-8fc78fff9fbbbed88deb1969d4189c65 .av-image-caption-overlay-center{\ncolor:#ffffff;\n}\n<\/style>\n<div  class='avia-image-container av-mfilz2kj-8fc78fff9fbbbed88deb1969d4189c65 av-styling- av-hover-grow avia_animated_image av-animated-when-visible-95 fade-in-right avia-align-center  avia-builder-el-9  avia-builder-el-no-sibling '   itemprop=\"image\" itemscope=\"itemscope\" itemtype=\"https:\/\/schema.org\/ImageObject\" ><div class=\"avia-image-container-inner\"><div class=\"avia-image-overlay-wrap\"><img decoding=\"async\" fetchpriority=\"high\" class='wp-image-53594 avia-img-lazy-loading-not-53594 avia_image ' src=\"https:\/\/www.pummeldex.de\/wp-content\/uploads\/2025\/09\/25-Jahre-Label-orange.png\" alt='' title='25-Jahre-Label-orange'  height=\"498\" width=\"1080\"  itemprop=\"thumbnailUrl\" srcset=\"https:\/\/www.pummeldex.de\/wp-content\/uploads\/2025\/09\/25-Jahre-Label-orange.png 1080w, https:\/\/www.pummeldex.de\/wp-content\/uploads\/2025\/09\/25-Jahre-Label-orange-300x138.png 300w, https:\/\/www.pummeldex.de\/wp-content\/uploads\/2025\/09\/25-Jahre-Label-orange-1030x475.png 1030w, https:\/\/www.pummeldex.de\/wp-content\/uploads\/2025\/09\/25-Jahre-Label-orange-768x354.png 768w, https:\/\/www.pummeldex.de\/wp-content\/uploads\/2025\/09\/25-Jahre-Label-orange-705x325.png 705w\" sizes=\"(max-width: 1080px) 100vw, 1080px\" \/><\/div><\/div><\/div><\/div><\/div><\/div><\/div><!-- close content main div --><\/div><\/div><div id='after_section_1'  class='main_color av_default_container_wrap container_wrap sidebar_right'  ><div class='container av-section-cont-open' ><div class='template-page content  av-content-small alpha units'><div class='post-entry post-entry-type-page post-entry-53554'><div class='entry-content-wrapper clearfix'><div  class='flex_column av-av_one_third-a2cef933b0a555f25d1e39b22a8e9dae av_one_third  avia-builder-el-10  el_after_av_section  el_before_av_two_third  avia-builder-el-first  first flex_column_div  '     ><style type=\"text\/css\" data-created_by=\"avia_inline_auto\" id=\"style-css-av-mfimsdl6-3d9201a8f77217db20f3da0ffa7cb1da\">\n.avia-image-container.av-mfimsdl6-3d9201a8f77217db20f3da0ffa7cb1da img.avia_image{\nbox-shadow:none;\n}\n.avia-image-container.av-mfimsdl6-3d9201a8f77217db20f3da0ffa7cb1da .av-image-caption-overlay-center{\ncolor:#ffffff;\n}\n<\/style>\n<div  class='avia-image-container av-mfimsdl6-3d9201a8f77217db20f3da0ffa7cb1da av-styling- av-hover-grow avia_animated_image av-animated-when-visible-95 fade-in-left avia-align-center  avia-builder-el-11  avia-builder-el-no-sibling '   itemprop=\"image\" itemscope=\"itemscope\" itemtype=\"https:\/\/schema.org\/ImageObject\" ><div class=\"avia-image-container-inner\"><div class=\"avia-image-overlay-wrap\"><img decoding=\"async\" fetchpriority=\"high\" class='wp-image-53597 avia-img-lazy-loading-not-53597 avia_image ' src=\"https:\/\/www.pummeldex.de\/wp-content\/uploads\/2025\/09\/Pooky01.png\" alt='' title='Pooky01'  height=\"1207\" width=\"1080\"  itemprop=\"thumbnailUrl\" srcset=\"https:\/\/www.pummeldex.de\/wp-content\/uploads\/2025\/09\/Pooky01.png 1080w, https:\/\/www.pummeldex.de\/wp-content\/uploads\/2025\/09\/Pooky01-268x300.png 268w, https:\/\/www.pummeldex.de\/wp-content\/uploads\/2025\/09\/Pooky01-922x1030.png 922w, https:\/\/www.pummeldex.de\/wp-content\/uploads\/2025\/09\/Pooky01-768x858.png 768w, https:\/\/www.pummeldex.de\/wp-content\/uploads\/2025\/09\/Pooky01-631x705.png 631w\" sizes=\"(max-width: 1080px) 100vw, 1080px\" \/><\/div><\/div><\/div><\/div><div  class='flex_column av-av_two_third-538dd737667e19053994a94b9156413b av_two_third  avia-builder-el-12  el_after_av_one_third  el_before_av_section  avia-builder-el-last  flex_column_div  '     ><section  class='av_textblock_section av-mfinv2oq-0e5f00d9213c4a74d0d21787a3882fbf '   itemscope=\"itemscope\" itemtype=\"https:\/\/schema.org\/CreativeWork\" ><div class='avia_textblock'  itemprop=\"text\" ><h2>Wie es damals war&#8230;<\/h2>\n<p>Im Laufe der Jahre kamen f\u00fcr die damalige Zeit spannende technische Neuerungen hinzu wie damals der <strong>PummelDex CHAT<\/strong> oder das <strong>PummelDex FORUM<\/strong>. Wer sich heute nichtsmehr darunter vorstellen kann, ein <strong>CHAT<\/strong> war quasi soetwas wie ein WhatsApp Gruppenchat oder Discord, nur musste man um sich mit anderen zu unterhalten zu uns auf die Homepage gehen und sich dort im Chat einloggen. Da es zwischenzeitlich Internet Flatrates gab, konnte man sich stundenlang mit anderen Anime- und Mangafans live unterhalten.<\/p>\n<p>Desweiteren gab es auch das <strong>PummelDex FORUM<\/strong>, was im weitesten Sinne \u00e4hnlich wie ein digitales Schwarzes Brett bzw. im weitesten Sinne wie eine Facebook Gruppe war. Es gab verschiedene Themen-Foren, in welchen man sich zu verschiedenen Themen austauschen konnte. Anders als in einem Chat wo die Nachrichten live und kurzlebig waren, blieben hier die Antworten von anderen Teilnehmern in den einzelnen Beitr\u00e4gen bestehen und man konnte die Antwort auch Stunden oder Tage sp\u00e4ter noch nachlesen und seine eigene Antwort darunter schreiben.<\/p>\n<p><strong>Soziale Medien<\/strong> gab es zu der Zeit noch nicht, also war dies eine tolle M\u00f6glichkeit sich mit anderen Gleichgesinnten auszutauschen, egal wo man wohnte. Heutztage hat man das Internet immer dabei und somit all seine Apps und News in der Hosentasche. Man wird von den verschiedensten Kan\u00e4len mit Neuigkeiten und Infos berieselt und muss nichtmehr gezielt auf eine Internetseite gehen, um sich dort seine Informationen zu beschaffen.<\/p>\n<\/div><\/section><\/div><\/div><\/div><\/div><!-- close content main div --><\/div><\/div>\n<style type=\"text\/css\" data-created_by=\"avia_inline_auto\" id=\"style-css-av-mfinzy0i-76fe482eea1852fd42312e4eac529fa3\">\n.avia-section.av-mfinzy0i-76fe482eea1852fd42312e4eac529fa3{\nbackground-color:#fcd9c2;\nbackground-image:unset;\n}\n<\/style>\n<div id='av_section_2'  class='avia-section av-mfinzy0i-76fe482eea1852fd42312e4eac529fa3 main_color avia-section-default avia-no-border-styling  avia-builder-el-14  el_after_av_two_third  avia-builder-el-last  avia-bg-style-scroll container_wrap sidebar_right'  ><div class='container av-section-cont-open' ><div class='template-page content  av-content-small alpha units'><div class='post-entry post-entry-type-page post-entry-53554'><div class='entry-content-wrapper clearfix'>\n<div  class='flex_column av-av_two_third-a2cef933b0a555f25d1e39b22a8e9dae av_two_third  avia-builder-el-15  el_before_av_one_third  avia-builder-el-first  first flex_column_div  '     ><section  class='av_textblock_section av-mfio1wmx-0a31c39138648b00db0613f1921dc29b '   itemscope=\"itemscope\" itemtype=\"https:\/\/schema.org\/CreativeWork\" ><div class='avia_textblock'  itemprop=\"text\" ><h2>&#8230;wie es heute ist!<\/h2>\n<p>Da sich das <strong>User-Verhalten<\/strong> nat\u00fcrlich den technischen M\u00f6glichkeiten angepasst hat, stellte sich f\u00fcr uns von PummelDex die Frage, ob wir dies auch tun m\u00f6chten bzw. ob wir das k\u00f6nnen. Hier war schlichtweg der <strong>Faktor Zeit<\/strong> wieder der ausschlaggebende Punkt. Niemand von uns, meist mittlerweile berufst\u00e4tigen Redakteuren, hatte die Zeit diese neuen Kan\u00e4le zu bedienen, um News auf Facebook und Instagram zu verbreiten, Reviews als Videos f\u00fcr Youtube zu produzieren, oder Facebook- oder Discord Gruppen zu moderieren.<\/p>\n<p>Und daher hatten wir uns nach 20 Jahren entschieden das <strong>Projekt<\/strong> auf unbestimmte Zeit auf Eis zu legen. Nun 5 Jahre sp\u00e4ter wollte ich die Gelegenheit nutzen, um zur\u00fcck auf die vergangenen Jahre zu blicken und zumindest technisch die M\u00f6glichkeit herstellen, dass es sofern es meine Zeit zul\u00e4sst weiter gehen kann. Wann und wie ist noch ungewiss. Gut m\u00f6glich, dass es auch lediglich bei diesem <strong>R\u00fcckblick<\/strong> bleibt. Zumindest ist PummelDex.de noch da &#8211; zwar nichtmehr als Newsportal, denn da gibt es mittlerweile andere, die dies Vollzeit machen. Aber vielleicht findet sich ja eine sinnvolle und interessante Verwendung, um PummelDex am Leben zu erhalten &#8211; wenn auch anders als fr\u00fcher.<\/p>\n<p>In diesem Sinne dankesch\u00f6n f\u00fcr alle, die uns die letzten<strong> 25 Jahre<\/strong> auf irgendeine Art und Weise begleitet haben &#8211; sei es als Besucher, User im Chat und Forum oder nat\u00fcrlich als Redakteur &#8211; ohne euch h\u00e4tte es PummelDex sicher nicht solange gegeben.<\/p>\n<p>Mal schauen was die Zeit mit sich bringen wird.<br \/>\n<strong>Euer Pummel<\/strong><\/p>\n<\/div><\/section><\/div><div  class='flex_column av-av_one_third-538dd737667e19053994a94b9156413b av_one_third  avia-builder-el-17  el_after_av_two_third  avia-builder-el-last  flex_column_div  '     ><style type=\"text\/css\" data-created_by=\"avia_inline_auto\" id=\"style-css-av-mfio1b1c-16288005bf1d978cacd7ea677c74b13d\">\n.avia-image-container.av-mfio1b1c-16288005bf1d978cacd7ea677c74b13d img.avia_image{\nbox-shadow:none;\n}\n.avia-image-container.av-mfio1b1c-16288005bf1d978cacd7ea677c74b13d .av-image-caption-overlay-center{\ncolor:#ffffff;\n}\n<\/style>\n<div  class='avia-image-container av-mfio1b1c-16288005bf1d978cacd7ea677c74b13d av-styling- av-hover-grow avia_animated_image av-animated-when-visible-95 fade-in-right avia-align-center  avia-builder-el-18  avia-builder-el-no-sibling '   itemprop=\"image\" itemscope=\"itemscope\" itemtype=\"https:\/\/schema.org\/ImageObject\" ><div class=\"avia-image-container-inner\"><div class=\"avia-image-overlay-wrap\"><img decoding=\"async\" fetchpriority=\"high\" class='wp-image-53602 avia-img-lazy-loading-not-53602 avia_image ' src=\"https:\/\/www.pummeldex.de\/wp-content\/uploads\/2025\/09\/Pooky02.png\" alt='' title='Pooky02'  height=\"1206\" width=\"1080\"  itemprop=\"thumbnailUrl\" srcset=\"https:\/\/www.pummeldex.de\/wp-content\/uploads\/2025\/09\/Pooky02.png 1080w, https:\/\/www.pummeldex.de\/wp-content\/uploads\/2025\/09\/Pooky02-269x300.png 269w, https:\/\/www.pummeldex.de\/wp-content\/uploads\/2025\/09\/Pooky02-922x1030.png 922w, https:\/\/www.pummeldex.de\/wp-content\/uploads\/2025\/09\/Pooky02-768x858.png 768w, https:\/\/www.pummeldex.de\/wp-content\/uploads\/2025\/09\/Pooky02-631x705.png 631w\" sizes=\"(max-width: 1080px) 100vw, 1080px\" \/><\/div><\/div><\/div><\/div><\/div><\/div><\/div><!-- close content main div --><\/div><\/div><div id='after_section_2'  class='main_color av_default_container_wrap container_wrap sidebar_right'  ><div class='container av-section-cont-open' ><div class='template-page content  av-content-small alpha units'><div class='post-entry post-entry-type-page post-entry-53554'><div class='entry-content-wrapper clearfix'><\/p>\n","protected":false},"excerpt":{"rendered":"","protected":false},"author":1,"featured_media":0,"parent":0,"menu_order":0,"comment_status":"closed","ping_status":"closed","template":"","meta":{"footnotes":""},"class_list":["post-53554","page","type-page","status-publish","hentry"],"_links":{"self":[{"href":"https:\/\/www.pummeldex.de\/index.php?rest_route=\/wp\/v2\/pages\/53554","targetHints":{"allow":["GET"]}}],"collection":[{"href":"https:\/\/www.pummeldex.de\/index.php?rest_route=\/wp\/v2\/pages"}],"about":[{"href":"https:\/\/www.pummeldex.de\/index.php?rest_route=\/wp\/v2\/types\/page"}],"author":[{"embeddable":true,"href":"https:\/\/www.pummeldex.de\/index.php?rest_route=\/wp\/v2\/users\/1"}],"replies":[{"embeddable":true,"href":"https:\/\/www.pummeldex.de\/index.php?rest_route=%2Fwp%2Fv2%2Fcomments&post=53554"}],"version-history":[{"count":17,"href":"https:\/\/www.pummeldex.de\/index.php?rest_route=\/wp\/v2\/pages\/53554\/revisions"}],"predecessor-version":[{"id":53605,"href":"https:\/\/www.pummeldex.de\/index.php?rest_route=\/wp\/v2\/pages\/53554\/revisions\/53605"}],"wp:attachment":[{"href":"https:\/\/www.pummeldex.de\/index.php?rest_route=%2Fwp%2Fv2%2Fmedia&parent=53554"}],"curies":[{"name":"wp","href":"https:\/\/api.w.org\/{rel}","templated":true}]}}